{"id":674,"date":"2018-09-12T14:35:37","date_gmt":"2018-09-12T12:35:37","guid":{"rendered":"https:\/\/tantum-ag.de\/products\/thalon-2\/"},"modified":"2018-10-16T14:48:07","modified_gmt":"2018-10-16T12:48:07","slug":"thalon-2","status":"publish","type":"page","link":"https:\/\/tantum-ag.de\/en\/products\/thalon-2\/","title":{"rendered":"THALON"},"content":{"rendered":"<div id='av_section_1'  class='avia-section av-jhrprgls-1053ab5934753338ed295082c0ecd0ed main_color avia-section-no-padding avia-no-border-styling  avia-builder-el-0  el_before_av_section  avia-builder-el-first  avia-bg-style-scroll container_wrap fullsize'  ><div class='container av-section-cont-open' ><main  role=\"main\" itemprop=\"mainContentOfPage\"  class='template-page content  av-content-full alpha units'><div class='post-entry post-entry-type-page post-entry-674'><div class='entry-content-wrapper clearfix'>\n\n<style type=\"text\/css\" data-created_by=\"avia_inline_auto\" id=\"style-css-av-jhrpx7em-93082b618fc9cacf697c26e5bf6bf4c6\">\n#top .hr.hr-invisible.av-jhrpx7em-93082b618fc9cacf697c26e5bf6bf4c6{\nheight:40px;\n}\n<\/style>\n<div  class='hr av-jhrpx7em-93082b618fc9cacf697c26e5bf6bf4c6 hr-invisible  avia-builder-el-1  el_before_av_one_full  avia-builder-el-first '><span class='hr-inner '><span class=\"hr-inner-style\"><\/span><\/span><\/div>\n\n<style type=\"text\/css\" data-created_by=\"avia_inline_auto\" id=\"style-css-av-jhrpt2fa-2b5c0d39a931c216770e63b87f51a2d6\">\n.flex_column.av-jhrpt2fa-2b5c0d39a931c216770e63b87f51a2d6{\nborder-radius:0px 0px 0px 0px;\npadding:0px 0px 0px 0px;\nbackground-color:#f58122;\n}\n<\/style>\n<div  class='flex_column av-jhrpt2fa-2b5c0d39a931c216770e63b87f51a2d6 av_one_full  avia-builder-el-2  el_after_av_hr  el_before_av_one_third  first flex_column_div av-zero-column-padding  '     ><style type=\"text\/css\" data-created_by=\"avia_inline_auto\" id=\"style-css-av-av_heading-ffc9cfb02c6ee8b7aa22ba0f9806e30c\">\n#top .av-special-heading.av-av_heading-ffc9cfb02c6ee8b7aa22ba0f9806e30c{\nmargin:15px 15px 15px 15px;\npadding-bottom:0;\ncolor:#ffffff;\n}\nbody .av-special-heading.av-av_heading-ffc9cfb02c6ee8b7aa22ba0f9806e30c .av-special-heading-tag .heading-char{\nfont-size:25px;\n}\n.av-special-heading.av-av_heading-ffc9cfb02c6ee8b7aa22ba0f9806e30c .special-heading-inner-border{\nborder-color:#ffffff;\n}\n.av-special-heading.av-av_heading-ffc9cfb02c6ee8b7aa22ba0f9806e30c .av-subheading{\nfont-size:15px;\n}\n<\/style>\n<div  class='av-special-heading av-av_heading-ffc9cfb02c6ee8b7aa22ba0f9806e30c av-special-heading-h1 custom-color-heading blockquote modern-quote modern-centered  avia-builder-el-3  avia-builder-el-no-sibling '><h1 class='av-special-heading-tag '  itemprop=\"headline\"  >THALON<\/h1><div class=\"special-heading-border\"><div class=\"special-heading-inner-border\"><\/div><\/div><\/div><\/div>\n<style type=\"text\/css\" data-created_by=\"avia_inline_auto\" id=\"style-css-av-13eww-5d7bb6412430feee237d46106c253ae1\">\n.flex_column.av-13eww-5d7bb6412430feee237d46106c253ae1{\nborder-radius:0px 0px 0px 0px;\npadding:0px 0px 0px 0px;\n}\n<\/style>\n<div  class='flex_column av-13eww-5d7bb6412430feee237d46106c253ae1 av_one_third  avia-builder-el-4  el_after_av_one_full  el_before_av_two_third  first flex_column_div av-zero-column-padding  column-top-margin'     ><style type=\"text\/css\" data-created_by=\"avia_inline_auto\" id=\"style-css-av-jlm30qdb-895ce8fc609e532c1294811865456868\">\n.avia-image-container.av-jlm30qdb-895ce8fc609e532c1294811865456868 img.avia_image{\nbox-shadow:none;\n}\n.avia-image-container.av-jlm30qdb-895ce8fc609e532c1294811865456868 .av-image-caption-overlay-center{\ncolor:#ffffff;\n}\n<\/style>\n<div  class='avia-image-container av-jlm30qdb-895ce8fc609e532c1294811865456868 av-styling- avia-align-center  avia-builder-el-5  avia-builder-el-no-sibling '   itemprop=\"image\" itemscope=\"itemscope\" itemtype=\"https:\/\/schema.org\/ImageObject\" ><div class=\"avia-image-container-inner\"><div class=\"avia-image-overlay-wrap\"><img decoding=\"async\" fetchpriority=\"high\" class='wp-image-299 avia-img-lazy-loading-not-299 avia_image ' src=\"https:\/\/tantum-ag.de\/wp-content\/uploads\/2018\/09\/tantum-ag-implantate-orthopa\u0308die-unfallchirurgie-thalon.jpg\" alt='' title='tantum-ag-implantate-orthopa\u0308die-unfallchirurgie-thalon'  height=\"617\" width=\"384\"  itemprop=\"thumbnailUrl\" srcset=\"https:\/\/tantum-ag.de\/wp-content\/uploads\/2018\/09\/tantum-ag-implantate-orthopa\u0308die-unfallchirurgie-thalon.jpg 384w, https:\/\/tantum-ag.de\/wp-content\/uploads\/2018\/09\/tantum-ag-implantate-orthopa\u0308die-unfallchirurgie-thalon-187x300.jpg 187w\" sizes=\"(max-width: 384px) 100vw, 384px\" \/><\/div><\/div><\/div><\/div>\n<style type=\"text\/css\" data-created_by=\"avia_inline_auto\" id=\"style-css-av-13eww-26dd7ab6b22dfc59690029ec888f228d\">\n.flex_column.av-13eww-26dd7ab6b22dfc59690029ec888f228d{\nborder-radius:0px 0px 0px 0px;\npadding:0px 0px 0px 0px;\n}\n<\/style>\n<div  class='flex_column av-13eww-26dd7ab6b22dfc59690029ec888f228d av_two_third  avia-builder-el-6  el_after_av_one_third  avia-builder-el-last  flex_column_div av-zero-column-padding  column-top-margin'     ><section  class='av_textblock_section av-jhrp6jbh-72cdb64c27a12061ea2f9c0e209b2785 '   itemscope=\"itemscope\" itemtype=\"https:\/\/schema.org\/CreativeWork\" ><div class='avia_textblock'  itemprop=\"text\" ><h2>THALON<\/h2>\n<h2>The innovative locked pin of tantum<\/h2>\n<\/div><\/section><br \/>\n\n<style type=\"text\/css\" data-created_by=\"avia_inline_auto\" id=\"style-css-av-jhrpx7em-2b420cff8c96beaf509f84ac75703e43\">\n#top .hr.hr-invisible.av-jhrpx7em-2b420cff8c96beaf509f84ac75703e43{\nheight:1px;\n}\n<\/style>\n<div  class='hr av-jhrpx7em-2b420cff8c96beaf509f84ac75703e43 hr-invisible  avia-builder-el-8  el_after_av_textblock  el_before_av_textblock '><span class='hr-inner '><span class=\"hr-inner-style\"><\/span><\/span><\/div><br \/>\n<section  class='av_textblock_section av-jhrp6jbh-72cdb64c27a12061ea2f9c0e209b2785 '   itemscope=\"itemscope\" itemtype=\"https:\/\/schema.org\/CreativeWork\" ><div class='avia_textblock'  itemprop=\"text\" ><p><strong>Outstandingly versatile, simple and affordable.<\/strong><\/p>\n<p>The THALON allows the intramedullary stabilization of a bone fracture and offers the following advantages::<\/p>\n<ul>\n<li>fast healing because the blood supply is only altered insignificantly.<\/li>\n<li>low risk of infection by closed operation technique and solid implant. After opening the entry portal, no further preparation of the medullary cavity is necessary.<\/li>\n<li>less damage to soft tissue at nail entry point by countersinking implant<\/li>\n<\/ul>\n<p>The handling in daily practice is simple. The pre-bent, flattened tip of the nail is easily inserted into the bone. At the end of the nail, a thread head is positioned, held by a circular running notch, on the nail shaft. This special suspension enables the screwing in of the self-cutting thread with a screwdriver, without turning the nail. The implant inserted into the medullary cavity is fixated in the cortex and will not dislocate during the fracture healing phase. Since the nail can be inserted completely into the bone, irritation of the soft tissue is avoided.<\/p>\n<p><strong>Indication for the THALON-Locked Pin:<\/strong><\/p>\n<p>As the field of use for the nail, one can imagine all indications where so far minimal invasive procedures such as a Kirschner Wire, Rush Pin or flexible nail osteosynthesis have been performed.<\/p>\n<p>With the THALON-Locked Pin, the main complications of osteosynthesis, such as nail dislocation and soft tissue comprimise are primarily avoided. Due to the graduation in length in 15mm steps, within the range of 90 to 300mm, it is usable in long cortical bones as well as cancellous areas near joints.<\/p>\n<p><strong>Special areas of use of THALON:<\/strong><\/p>\n<ul>\n<li>Distal fibula fractures, type Weber A, B and (C)<\/li>\n<li>Fracture of the clavicle<\/li>\n<li>Distal fracture of the radius<\/li>\n<li>Fracture of the ulna shaft<\/li>\n<li>Humeral fracture as bundle nail osteosynthesis<\/li>\n<li>Shaft fractures in children<\/li>\n<\/ul>\n<\/div><\/section><br \/>\n\n<style type=\"text\/css\" data-created_by=\"avia_inline_auto\" id=\"style-css-av-jhrpx7em-6b5ccbee8ac40e98e4c7c9a956b21600\">\n#top .hr.hr-invisible.av-jhrpx7em-6b5ccbee8ac40e98e4c7c9a956b21600{\nheight:10px;\n}\n<\/style>\n<div  class='hr av-jhrpx7em-6b5ccbee8ac40e98e4c7c9a956b21600 hr-invisible  avia-builder-el-10  el_after_av_textblock  el_before_av_buttonrow '><span class='hr-inner '><span class=\"hr-inner-style\"><\/span><\/span><\/div><br \/>\n<div  class='avia-buttonrow-wrap av-jlz5c5aa-b9e5bc9b9afb5ab78db31fff517ad74b avia-buttonrow-left  avia-builder-el-11  el_after_av_hr  avia-builder-el-last '>\n\n<style type=\"text\/css\" data-created_by=\"avia_inline_auto\" id=\"style-css-av-av_buttonrow_item-cf5a0769d88bebdb6317209884dfe50c\">\n#top #wrap_all .avia-button.av-av_buttonrow_item-cf5a0769d88bebdb6317209884dfe50c{\nmargin-bottom:10px;\nmargin-right:10px;\n}\n<\/style>\n<a href='https:\/\/tantum-ag.de\/wp-content\/uploads\/2018\/10\/thalon_b_03_15.0_broschuere_english.pdf'  class='avia-button av-av_buttonrow_item-cf5a0769d88bebdb6317209884dfe50c avia-icon_select-yes-left-icon avia-size-medium avia-color-theme-color'  target=\"_blank\"  rel=\"noopener noreferrer\"  aria-label=\"OR-Manual\"><span class='avia_button_icon avia_button_icon_left avia-iconfont avia-font-entypo-fontello' data-av_icon='\ue835' data-av_iconfont='entypo-fontello' ><\/span><span class='avia_iconbox_title' >OR-Manual<\/span><\/a>\n<\/div><\/p><\/div><\/div><\/div><\/main><!-- close content main element --><\/div><\/div><div id='av_section_2'  class='avia-section av-jhrprgls-bec75498b6d1ff2c98d1f8b23f287f30 main_color avia-section-default avia-no-border-styling  avia-builder-el-12  el_after_av_section  el_before_av_section  avia-bg-style-scroll container_wrap fullsize'  ><div class='container av-section-cont-open' ><div class='template-page content  av-content-full alpha units'><div class='post-entry post-entry-type-page post-entry-674'><div class='entry-content-wrapper clearfix'>\n\n<style type=\"text\/css\" data-created_by=\"avia_inline_auto\" id=\"style-css-av-jhrpt2fa-2b5c0d39a931c216770e63b87f51a2d6\">\n.flex_column.av-jhrpt2fa-2b5c0d39a931c216770e63b87f51a2d6{\nborder-radius:0px 0px 0px 0px;\npadding:0px 0px 0px 0px;\nbackground-color:#f58122;\n}\n<\/style>\n<div  class='flex_column av-jhrpt2fa-2b5c0d39a931c216770e63b87f51a2d6 av_one_full  avia-builder-el-13  el_before_av_one_full  avia-builder-el-first  first flex_column_div av-zero-column-padding  '     ><style type=\"text\/css\" data-created_by=\"avia_inline_auto\" id=\"style-css-av-jnbpvlrj-ce55a17a6304f00194e4e6817a27da86\">\n#top .av-special-heading.av-jnbpvlrj-ce55a17a6304f00194e4e6817a27da86{\nmargin:15px 15px 15px 15px;\npadding-bottom:0;\ncolor:#ffffff;\n}\nbody .av-special-heading.av-jnbpvlrj-ce55a17a6304f00194e4e6817a27da86 .av-special-heading-tag .heading-char{\nfont-size:25px;\n}\n.av-special-heading.av-jnbpvlrj-ce55a17a6304f00194e4e6817a27da86 .special-heading-inner-border{\nborder-color:#ffffff;\n}\n.av-special-heading.av-jnbpvlrj-ce55a17a6304f00194e4e6817a27da86 .av-subheading{\nfont-size:15px;\n}\n<\/style>\n<div  class='av-special-heading av-jnbpvlrj-ce55a17a6304f00194e4e6817a27da86 av-special-heading-h1 custom-color-heading blockquote modern-quote modern-centered  avia-builder-el-14  avia-builder-el-no-sibling '><h1 class='av-special-heading-tag '  itemprop=\"headline\"  >THALON sMART-nail<\/h1><div class=\"special-heading-border\"><div class=\"special-heading-inner-border\"><\/div><\/div><\/div><\/div>\n<style type=\"text\/css\" data-created_by=\"avia_inline_auto\" id=\"style-css-av-13eww-5d7bb6412430feee237d46106c253ae1\">\n.flex_column.av-13eww-5d7bb6412430feee237d46106c253ae1{\nborder-radius:0px 0px 0px 0px;\npadding:0px 0px 0px 0px;\n}\n<\/style>\n<div  class='flex_column av-13eww-5d7bb6412430feee237d46106c253ae1 av_one_full  avia-builder-el-15  el_after_av_one_full  avia-builder-el-last  first flex_column_div av-zero-column-padding  column-top-margin'     ><section  class='av_textblock_section av-jhrp6jbh-72cdb64c27a12061ea2f9c0e209b2785 '   itemscope=\"itemscope\" itemtype=\"https:\/\/schema.org\/CreativeWork\" ><div class='avia_textblock'  itemprop=\"text\" ><h2>THALON sMART-nail:<br \/>\nextremely versatile, simple and affordable.<\/h2>\n<\/div><\/section><br \/>\n\n<style type=\"text\/css\" data-created_by=\"avia_inline_auto\" id=\"style-css-av-jhrpx7em-2b420cff8c96beaf509f84ac75703e43\">\n#top .hr.hr-invisible.av-jhrpx7em-2b420cff8c96beaf509f84ac75703e43{\nheight:1px;\n}\n<\/style>\n<div  class='hr av-jhrpx7em-2b420cff8c96beaf509f84ac75703e43 hr-invisible  avia-builder-el-17  el_after_av_textblock  el_before_av_textblock '><span class='hr-inner '><span class=\"hr-inner-style\"><\/span><\/span><\/div><br \/>\n<section  class='av_textblock_section av-jhrp6jbh-72cdb64c27a12061ea2f9c0e209b2785 '   itemscope=\"itemscope\" itemtype=\"https:\/\/schema.org\/CreativeWork\" ><div class='avia_textblock'  itemprop=\"text\" ><p>The THALON sMART-Nail allows the intramedullary stabilization of a bone fracture and offers the following advantages:<\/p>\n<ul>\n<li>Fast healing, since soft tissues are not additionally affected.<\/li>\n<li>Low risk of infection due to closed operating technique and solid implant. After opening the bone, no additional reaming of the medullary cavity is\u00a0necessary.<\/li>\n<li>Simple handling<\/li>\n<li>Short surgical procedure time<\/li>\n<\/ul>\n<p class=\"p1\"><span class=\"s1\">The handling in daily OR practice is simple. The pre-bent, flattened tip of the nail is easily inserted into the bone. Under image intensifier control the THALON sMART-Nail is inserted up to its final position, marked and cut to the desired length intraoperatively. This operating technique is a classic procedure, where the anchoring in the bone is based on the principle of elastic tension.<\/span><\/p>\n<p><strong>Indication for the THALON sMART-Nail:<\/strong><\/p>\n<p>As the area of use for the nail, one can imagine all indications, where so far minimal invasive procedures such as Kirschner wire, rush pin or feather nail osteosynthesis have been performed. The offered implants, in the dimensions \u00d82.0mm, \u00d82.5mm, \u00d83.0mm, \u00d83.5mm and \u00d84.0mm, with the standard length of 420mm, can be shortened intraoperatively to the necessary length. This enables the implants to be used in long cortical bones as well as in cancellous areas near joints.<\/p>\n<p><strong>Special areas of use of the THALON sMART-Nail:<\/strong><\/p>\n<ul>\n<li>Distal fibula fractures type Weber A, B and (C)<\/li>\n<li>Fracture of the clavicle<\/li>\n<li>Distal fracture of the radius<\/li>\n<li>Fracture of the ulna shaft<\/li>\n<li>Humeral fracture as bundle nail osteosynthesis<\/li>\n<li>Shaft fractures in children<\/li>\n<\/ul>\n<\/div><\/section><br \/>\n<div  class='avia-buttonrow-wrap av-jlz5c5aa-b9e5bc9b9afb5ab78db31fff517ad74b avia-buttonrow-left  avia-builder-el-19  el_after_av_textblock  avia-builder-el-last '>\n\n<style type=\"text\/css\" data-created_by=\"avia_inline_auto\" id=\"style-css-av-atvqy-537f4e498a0ce7a14ca88e6d9b11b788\">\n#top #wrap_all .avia-button.av-atvqy-537f4e498a0ce7a14ca88e6d9b11b788{\nmargin-bottom:10px;\nmargin-right:10px;\n}\n<\/style>\n<a href='https:\/\/tantum-ag.de\/wp-content\/uploads\/2018\/09\/thalon_smart_kurzinfo.pdf'  class='avia-button av-atvqy-537f4e498a0ce7a14ca88e6d9b11b788 avia-icon_select-yes-left-icon avia-size-medium avia-color-theme-color'  target=\"_blank\"  rel=\"noopener noreferrer\"  aria-label=\"Kurzinformation\"><span class='avia_button_icon avia_button_icon_left avia-iconfont avia-font-entypo-fontello' data-av_icon='\ue84b' data-av_iconfont='entypo-fontello' ><\/span><span class='avia_iconbox_title' >Kurzinformation<\/span><\/a>\n\n<style type=\"text\/css\" data-created_by=\"avia_inline_auto\" id=\"style-css-av-bqxka-472812391412f6091d56795beecafa05\">\n#top #wrap_all .avia-button.av-bqxka-472812391412f6091d56795beecafa05{\nmargin-bottom:10px;\nmargin-right:10px;\n}\n<\/style>\n<a href='https:\/\/tantum-ag.de\/wp-content\/uploads\/2018\/09\/broschuere_thalon_prospekt_0403.pdf'  class='avia-button av-bqxka-472812391412f6091d56795beecafa05 avia-icon_select-yes-left-icon avia-size-medium avia-color-theme-color'  target=\"_blank\"  rel=\"noopener noreferrer\"  aria-label=\"Brosch\u00fcre\"><span class='avia_button_icon avia_button_icon_left avia-iconfont avia-font-entypo-fontello' data-av_icon='\ue84e' data-av_iconfont='entypo-fontello' ><\/span><span class='avia_iconbox_title' >Brosch\u00fcre<\/span><\/a>\n<\/div><\/p><\/div><\/div><\/div><\/div><!-- close content main div --><\/div><\/div><div id='av_section_3'  class='avia-section av-admpi-8ecdbe5b6dddf0b6db8a9727d3780de4 main_color avia-section-default avia-no-border-styling  avia-builder-el-20  el_after_av_section  avia-builder-el-last  avia-bg-style-scroll container_wrap fullsize'  ><div class='container av-section-cont-open' ><div class='template-page content  av-content-full alpha units'><div class='post-entry post-entry-type-page post-entry-674'><div class='entry-content-wrapper clearfix'><\/p>\n","protected":false},"excerpt":{"rendered":"","protected":false},"author":1,"featured_media":0,"parent":630,"menu_order":6,"comment_status":"closed","ping_status":"closed","template":"","meta":{"footnotes":""},"class_list":["post-674","page","type-page","status-publish","hentry"],"_links":{"self":[{"href":"https:\/\/tantum-ag.de\/en\/wp-json\/wp\/v2\/pages\/674","targetHints":{"allow":["GET"]}}],"collection":[{"href":"https:\/\/tantum-ag.de\/en\/wp-json\/wp\/v2\/pages"}],"about":[{"href":"https:\/\/tantum-ag.de\/en\/wp-json\/wp\/v2\/types\/page"}],"author":[{"embeddable":true,"href":"https:\/\/tantum-ag.de\/en\/wp-json\/wp\/v2\/users\/1"}],"replies":[{"embeddable":true,"href":"https:\/\/tantum-ag.de\/en\/wp-json\/wp\/v2\/comments?post=674"}],"version-history":[{"count":2,"href":"https:\/\/tantum-ag.de\/en\/wp-json\/wp\/v2\/pages\/674\/revisions"}],"predecessor-version":[{"id":676,"href":"https:\/\/tantum-ag.de\/en\/wp-json\/wp\/v2\/pages\/674\/revisions\/676"}],"up":[{"embeddable":true,"href":"https:\/\/tantum-ag.de\/en\/wp-json\/wp\/v2\/pages\/630"}],"wp:attachment":[{"href":"https:\/\/tantum-ag.de\/en\/wp-json\/wp\/v2\/media?parent=674"}],"curies":[{"name":"wp","href":"https:\/\/api.w.org\/{rel}","templated":true}]}}