{"id":612,"date":"2018-05-29T14:24:38","date_gmt":"2018-05-29T12:24:38","guid":{"rendered":"https:\/\/tantum-ag.de\/unser-team\/"},"modified":"2020-07-06T15:08:51","modified_gmt":"2020-07-06T13:08:51","slug":"our-team","status":"publish","type":"page","link":"https:\/\/tantum-ag.de\/en\/our-team\/","title":{"rendered":"our team"},"content":{"rendered":"<div id='av_section_1'  class='avia-section av-3bu4w-e928993223b16e3a4ba5d1052187d5a9 main_color avia-section-default avia-no-border-styling  avia-builder-el-0  el_before_av_section  avia-builder-el-first  avia-bg-style-scroll container_wrap fullsize'  ><div class='container av-section-cont-open' ><main  role=\"main\" itemprop=\"mainContentOfPage\"  class='template-page content  av-content-full alpha units'><div class='post-entry post-entry-type-page post-entry-612'><div class='entry-content-wrapper clearfix'>\n\n<style type=\"text\/css\" data-created_by=\"avia_inline_auto\" id=\"style-css-av-2qw78-c3bcab18bda6fe56cfed55bbafecf290\">\n.flex_column.av-2qw78-c3bcab18bda6fe56cfed55bbafecf290{\nborder-radius:0px 0px 0px 0px;\npadding:0px 0px 0px 0px;\n}\n<\/style>\n<div  class='flex_column av-2qw78-c3bcab18bda6fe56cfed55bbafecf290 av_one_full  avia-builder-el-1  avia-builder-el-no-sibling  first flex_column_div av-zero-column-padding  '     ><\/div>\n\n<\/div><\/div><\/main><!-- close content main element --><\/div><\/div><div id='av_section_2'  class='avia-section av-jhrprgls-1053ab5934753338ed295082c0ecd0ed main_color avia-section-no-padding avia-no-border-styling  avia-builder-el-3  el_after_av_section  el_before_av_section  avia-bg-style-scroll container_wrap fullsize'  ><div class='container av-section-cont-open' ><div class='template-page content  av-content-full alpha units'><div class='post-entry post-entry-type-page post-entry-612'><div class='entry-content-wrapper clearfix'>\n\n<style type=\"text\/css\" data-created_by=\"avia_inline_auto\" id=\"style-css-av-jhrpt2fa-2b5c0d39a931c216770e63b87f51a2d6\">\n.flex_column.av-jhrpt2fa-2b5c0d39a931c216770e63b87f51a2d6{\nborder-radius:0px 0px 0px 0px;\npadding:0px 0px 0px 0px;\nbackground-color:#f58122;\n}\n<\/style>\n<div  class='flex_column av-jhrpt2fa-2b5c0d39a931c216770e63b87f51a2d6 av_one_full  avia-builder-el-4  el_before_av_hr  avia-builder-el-first  first flex_column_div av-zero-column-padding  '     ><style type=\"text\/css\" data-created_by=\"avia_inline_auto\" id=\"style-css-av-jnbjy6fp-48a6db47aed8b5ceed7226b228b1692c\">\n#top .av-special-heading.av-jnbjy6fp-48a6db47aed8b5ceed7226b228b1692c{\nmargin:15px 15px 15px 15px;\npadding-bottom:0;\ncolor:#ffffff;\n}\nbody .av-special-heading.av-jnbjy6fp-48a6db47aed8b5ceed7226b228b1692c .av-special-heading-tag .heading-char{\nfont-size:25px;\n}\n.av-special-heading.av-jnbjy6fp-48a6db47aed8b5ceed7226b228b1692c .special-heading-inner-border{\nborder-color:#ffffff;\n}\n.av-special-heading.av-jnbjy6fp-48a6db47aed8b5ceed7226b228b1692c .av-subheading{\nfont-size:15px;\n}\n<\/style>\n<div  class='av-special-heading av-jnbjy6fp-48a6db47aed8b5ceed7226b228b1692c av-special-heading-h2 custom-color-heading blockquote modern-quote modern-centered  avia-builder-el-5  avia-builder-el-no-sibling '><h2 class='av-special-heading-tag '  itemprop=\"headline\"  >the tantum team<\/h2><div class=\"special-heading-border\"><div class=\"special-heading-inner-border\"><\/div><\/div><\/div><\/div>\n<style type=\"text\/css\" data-created_by=\"avia_inline_auto\" id=\"style-css-av-jhrpx7em-b9b7bdffc468e8af919ba53e2fcb092c\">\n#top .hr.hr-invisible.av-jhrpx7em-b9b7bdffc468e8af919ba53e2fcb092c{\nmargin-top:-50px;\nheight:1px;\n}\n<\/style>\n<div  class='hr av-jhrpx7em-b9b7bdffc468e8af919ba53e2fcb092c hr-invisible  avia-builder-el-6  el_after_av_one_full  avia-builder-el-last '><span class='hr-inner '><span class=\"hr-inner-style\"><\/span><\/span><\/div>\n\n<\/div><\/div><\/div><!-- close content main div --><\/div><\/div><div id='av_section_3'  class='avia-section av-jhrprgls-1053ab5934753338ed295082c0ecd0ed main_color avia-section-no-padding avia-no-border-styling  avia-builder-el-7  el_after_av_section  el_before_av_section  avia-bg-style-scroll container_wrap fullsize'  ><div class='container av-section-cont-open' ><div class='template-page content  av-content-full alpha units'><div class='post-entry post-entry-type-page post-entry-612'><div class='entry-content-wrapper clearfix'>\n\n<style type=\"text\/css\" data-created_by=\"avia_inline_auto\" id=\"style-css-av-1kjnw-796e876c4c06e0d1abac40c63789bee5\">\n.flex_column.av-1kjnw-796e876c4c06e0d1abac40c63789bee5{\nborder-radius:0px 0px 0px 0px;\npadding:0px 0px 0px 0px;\n}\n<\/style>\n<div  class='flex_column av-1kjnw-796e876c4c06e0d1abac40c63789bee5 av_one_fifth  avia-builder-el-8  el_before_av_three_fifth  avia-builder-el-first  first flex_column_div av-zero-column-padding  '     ><\/div>\n<style type=\"text\/css\" data-created_by=\"avia_inline_auto\" id=\"style-css-av-1kjnw-8c4455e679f28cc82440b7bf5099c433\">\n.flex_column.av-1kjnw-8c4455e679f28cc82440b7bf5099c433{\nborder-radius:0px 0px 0px 0px;\npadding:0px 0px 0px 0px;\n}\n<\/style>\n<div  class='flex_column av-1kjnw-8c4455e679f28cc82440b7bf5099c433 av_three_fifth  avia-builder-el-9  el_after_av_one_fifth  el_before_av_one_fifth  flex_column_div av-zero-column-padding  '     ><section  class='av_textblock_section av-jlm4dtip-a84bdf5198925d2c097f3c309c50a297 '   itemscope=\"itemscope\" itemtype=\"https:\/\/schema.org\/CreativeWork\" ><div class='avia_textblock'  itemprop=\"text\" ><p style=\"text-align: center;\">All employees are focusing on permanent growth. Our daily success is extremely motivating for the very customer oriented tantum staff. tantum\u2019s customers benefit from the lean organization in two ways: First, it is an essential prerequisite for our advantageous pricing, and second it results in very short and efficient ways of decision making.<\/p>\n<\/div><\/section><\/div>\n<style type=\"text\/css\" data-created_by=\"avia_inline_auto\" id=\"style-css-av-1kjnw-8c4455e679f28cc82440b7bf5099c433\">\n.flex_column.av-1kjnw-8c4455e679f28cc82440b7bf5099c433{\nborder-radius:0px 0px 0px 0px;\npadding:0px 0px 0px 0px;\n}\n<\/style>\n<div  class='flex_column av-1kjnw-8c4455e679f28cc82440b7bf5099c433 av_one_fifth  avia-builder-el-11  el_after_av_three_fifth  el_before_av_hr  flex_column_div av-zero-column-padding  '     ><\/div>\n<style type=\"text\/css\" data-created_by=\"avia_inline_auto\" id=\"style-css-av-jhrpx7em-93082b618fc9cacf697c26e5bf6bf4c6\">\n#top .hr.hr-invisible.av-jhrpx7em-93082b618fc9cacf697c26e5bf6bf4c6{\nheight:40px;\n}\n<\/style>\n<div  class='hr av-jhrpx7em-93082b618fc9cacf697c26e5bf6bf4c6 hr-invisible  avia-builder-el-12  el_after_av_one_fifth  el_before_av_one_third '><span class='hr-inner '><span class=\"hr-inner-style\"><\/span><\/span><\/div>\n<div class='flex_column_table av-1kjnw-b32a05a0d31aaf8a8ef1ec3a6068da83 sc-av_one_third av-equal-height-column-flextable'>\n<style type=\"text\/css\" data-created_by=\"avia_inline_auto\" id=\"style-css-av-1kjnw-b32a05a0d31aaf8a8ef1ec3a6068da83\">\n.flex_column.av-1kjnw-b32a05a0d31aaf8a8ef1ec3a6068da83{\nborder-radius:0px 0px 0px 0px;\npadding:0px 0px 0px 0px;\nbackground-color:#f58122;\n}\n<\/style>\n<div  class='flex_column av-1kjnw-b32a05a0d31aaf8a8ef1ec3a6068da83 av_one_third  avia-builder-el-13  el_after_av_hr  el_before_av_one_third  first flex_column_table_cell av-equal-height-column av-align-middle av-zero-column-padding  '     ><style type=\"text\/css\" data-created_by=\"avia_inline_auto\" id=\"style-css-av-av_heading-65c8d4e94fd2be328ed8fd9258d160ee\">\n#top .av-special-heading.av-av_heading-65c8d4e94fd2be328ed8fd9258d160ee{\nmargin:10px 10px 10px 10px;\npadding-bottom:0;\ncolor:#ffffff;\nfont-size:18px;\n}\nbody .av-special-heading.av-av_heading-65c8d4e94fd2be328ed8fd9258d160ee .av-special-heading-tag .heading-char{\nfont-size:25px;\n}\n#top #wrap_all .av-special-heading.av-av_heading-65c8d4e94fd2be328ed8fd9258d160ee .av-special-heading-tag{\nfont-size:18px;\n}\n.av-special-heading.av-av_heading-65c8d4e94fd2be328ed8fd9258d160ee .special-heading-inner-border{\nborder-color:#ffffff;\n}\n.av-special-heading.av-av_heading-65c8d4e94fd2be328ed8fd9258d160ee .av-subheading{\nfont-size:15px;\n}\n\n@media only screen and (min-width: 480px) and (max-width: 767px){ \n#top #wrap_all .av-special-heading.av-av_heading-65c8d4e94fd2be328ed8fd9258d160ee .av-special-heading-tag{\nfont-size:0.8em;\n}\n}\n\n@media only screen and (max-width: 479px){ \n#top #wrap_all .av-special-heading.av-av_heading-65c8d4e94fd2be328ed8fd9258d160ee .av-special-heading-tag{\nfont-size:0.8em;\n}\n}\n<\/style>\n<div  class='av-special-heading av-av_heading-65c8d4e94fd2be328ed8fd9258d160ee av-special-heading-h3 custom-color-heading blockquote modern-quote  avia-builder-el-14  avia-builder-el-no-sibling  av-inherit-size'><h3 class='av-special-heading-tag '  itemprop=\"headline\"  >International Sales,<br \/>\nKey Account Managers<\/h3><div class=\"special-heading-border\"><div class=\"special-heading-inner-border\"><\/div><\/div><\/div><\/div><div class='av-flex-placeholder'><\/div>\n<style type=\"text\/css\" data-created_by=\"avia_inline_auto\" id=\"style-css-av-1kjnw-7ed09e9743792a35064f45317ff9ab03\">\n.flex_column.av-1kjnw-7ed09e9743792a35064f45317ff9ab03{\nborder-radius:0px 0px 0px 0px;\npadding:0px 0px 0px 0px;\nbackground-color:#f58122;\n}\n<\/style>\n<div  class='flex_column av-1kjnw-7ed09e9743792a35064f45317ff9ab03 av_one_third  avia-builder-el-15  el_after_av_one_third  el_before_av_one_third  flex_column_table_cell av-equal-height-column av-align-middle av-zero-column-padding  '     ><style type=\"text\/css\" data-created_by=\"avia_inline_auto\" id=\"style-css-av-av_heading-5e028cf3def638745248e77ae1777e75\">\n#top .av-special-heading.av-av_heading-5e028cf3def638745248e77ae1777e75{\nmargin:10px 10px 10px 10px;\npadding-bottom:0;\ncolor:#ffffff;\nfont-size:18px;\n}\nbody .av-special-heading.av-av_heading-5e028cf3def638745248e77ae1777e75 .av-special-heading-tag .heading-char{\nfont-size:25px;\n}\n#top #wrap_all .av-special-heading.av-av_heading-5e028cf3def638745248e77ae1777e75 .av-special-heading-tag{\nfont-size:18px;\n}\n.av-special-heading.av-av_heading-5e028cf3def638745248e77ae1777e75 .special-heading-inner-border{\nborder-color:#ffffff;\n}\n.av-special-heading.av-av_heading-5e028cf3def638745248e77ae1777e75 .av-subheading{\nfont-size:15px;\n}\n\n@media only screen and (min-width: 480px) and (max-width: 767px){ \n#top #wrap_all .av-special-heading.av-av_heading-5e028cf3def638745248e77ae1777e75 .av-special-heading-tag{\nfont-size:0.8em;\n}\n}\n\n@media only screen and (max-width: 479px){ \n#top #wrap_all .av-special-heading.av-av_heading-5e028cf3def638745248e77ae1777e75 .av-special-heading-tag{\nfont-size:0.8em;\n}\n}\n<\/style>\n<div  class='av-special-heading av-av_heading-5e028cf3def638745248e77ae1777e75 av-special-heading-h3 custom-color-heading blockquote modern-quote  avia-builder-el-16  avia-builder-el-no-sibling  av-inherit-size'><h3 class='av-special-heading-tag '  itemprop=\"headline\"  >Customer Service<\/h3><div class=\"special-heading-border\"><div class=\"special-heading-inner-border\"><\/div><\/div><\/div><\/div><div class='av-flex-placeholder'><\/div>\n<style type=\"text\/css\" data-created_by=\"avia_inline_auto\" id=\"style-css-av-1kjnw-7ed09e9743792a35064f45317ff9ab03\">\n.flex_column.av-1kjnw-7ed09e9743792a35064f45317ff9ab03{\nborder-radius:0px 0px 0px 0px;\npadding:0px 0px 0px 0px;\nbackground-color:#f58122;\n}\n<\/style>\n<div  class='flex_column av-1kjnw-7ed09e9743792a35064f45317ff9ab03 av_one_third  avia-builder-el-17  el_after_av_one_third  el_before_av_one_third  flex_column_table_cell av-equal-height-column av-align-middle av-zero-column-padding  '     ><\/div><\/div><!--close column table wrapper. Autoclose: 1 --><div class='flex_column_table av-1kjnw-9627d913cafc6caa68891646d26a6d47 sc-av_one_third av-equal-height-column-flextable'>\n<style type=\"text\/css\" data-created_by=\"avia_inline_auto\" id=\"style-css-av-1kjnw-9627d913cafc6caa68891646d26a6d47\">\n.flex_column.av-1kjnw-9627d913cafc6caa68891646d26a6d47{\nborder-radius:0px 0px 0px 0px;\npadding:0px 0px 0px 0px;\n}\n<\/style>\n<div  class='flex_column av-1kjnw-9627d913cafc6caa68891646d26a6d47 av_one_third  avia-builder-el-19  el_after_av_one_third  el_before_av_one_third  first flex_column_table_cell av-equal-height-column av-align-top av-zero-column-padding  column-top-margin'     ><section  class='av_textblock_section av-jhrq38lr-01285a3c4770cb2c4f214f01c967351c '   itemscope=\"itemscope\" itemtype=\"https:\/\/schema.org\/CreativeWork\" ><div class='avia_textblock'  itemprop=\"text\" ><p>Heinrich Niemax<br \/>\n+49(0)160 36 36 333<br \/>\n<a href=\"mailto:h.niemax@tantum-ag.de\">h.niemax@tantum-ag.de<\/a><\/p>\n<p>Petr Komers<br \/>\n+49(0)160 92 05 20 71<br \/>\n<a href=\"mailto:p.komers@tantum-ag.de\">p.komers@tantum-ag.de<\/a><\/p>\n<\/div><\/section><\/div><div class='av-flex-placeholder'><\/div>\n<style type=\"text\/css\" data-created_by=\"avia_inline_auto\" id=\"style-css-av-1kjnw-83a8da9cca9ae80dd312455d39b78635\">\n.flex_column.av-1kjnw-83a8da9cca9ae80dd312455d39b78635{\nborder-radius:0px 0px 0px 0px;\npadding:0px 0px 0px 0px;\n}\n<\/style>\n<div  class='flex_column av-1kjnw-83a8da9cca9ae80dd312455d39b78635 av_one_third  avia-builder-el-21  el_after_av_one_third  el_before_av_one_third  flex_column_table_cell av-equal-height-column av-align-top av-zero-column-padding  column-top-margin'     ><section  class='av_textblock_section av-jhrq38lr-986c5a80f3c6e7d4de553b8d896efb0d '   itemscope=\"itemscope\" itemtype=\"https:\/\/schema.org\/CreativeWork\" ><div class='avia_textblock'  itemprop=\"text\" ><p>Lucie L\u00e1zni\u010dkov\u00e1<br \/>\nIvana Kul\u00ed\u0161kov\u00e1<br \/>\n+49 (0)4321 200 59 &#8211; 0<br \/>\n<a href=\"mailto:verkauf@medin.cz\">verkauf@medin.cz<\/a><\/p>\n<\/div><\/section><\/div><div class='av-flex-placeholder'><\/div>\n<style type=\"text\/css\" data-created_by=\"avia_inline_auto\" id=\"style-css-av-1kjnw-8c4455e679f28cc82440b7bf5099c433\">\n.flex_column.av-1kjnw-8c4455e679f28cc82440b7bf5099c433{\nborder-radius:0px 0px 0px 0px;\npadding:0px 0px 0px 0px;\n}\n<\/style>\n<div  class='flex_column av-1kjnw-8c4455e679f28cc82440b7bf5099c433 av_one_third  avia-builder-el-23  el_after_av_one_third  avia-builder-el-last  flex_column_table_cell av-equal-height-column av-align-top av-zero-column-padding  column-top-margin'     ><section  class='av_textblock_section av-jhrq38lr-986c5a80f3c6e7d4de553b8d896efb0d '   itemscope=\"itemscope\" itemtype=\"https:\/\/schema.org\/CreativeWork\" ><div class='avia_textblock'  itemprop=\"text\" ><\/div><\/section><\/div><\/div><!--close column table wrapper. Autoclose: 1 --><\/div><\/div><\/div><!-- close content main div --><\/div><\/div><div id='av_section_4'  class='avia-section av-1wz70-bba8bd3afafb0cd31ed381ea8cf300ab main_color avia-section-default avia-no-border-styling  avia-builder-el-25  el_after_av_section  avia-builder-el-last  avia-bg-style-scroll container_wrap fullsize'  ><div class='container av-section-cont-open' ><div class='template-page content  av-content-full alpha units'><div class='post-entry post-entry-type-page post-entry-612'><div class='entry-content-wrapper clearfix'><\/p>\n","protected":false},"excerpt":{"rendered":"","protected":false},"author":1,"featured_media":0,"parent":0,"menu_order":12,"comment_status":"closed","ping_status":"closed","template":"","meta":{"footnotes":""},"class_list":["post-612","page","type-page","status-publish","hentry"],"_links":{"self":[{"href":"https:\/\/tantum-ag.de\/en\/wp-json\/wp\/v2\/pages\/612","targetHints":{"allow":["GET"]}}],"collection":[{"href":"https:\/\/tantum-ag.de\/en\/wp-json\/wp\/v2\/pages"}],"about":[{"href":"https:\/\/tantum-ag.de\/en\/wp-json\/wp\/v2\/types\/page"}],"author":[{"embeddable":true,"href":"https:\/\/tantum-ag.de\/en\/wp-json\/wp\/v2\/users\/1"}],"replies":[{"embeddable":true,"href":"https:\/\/tantum-ag.de\/en\/wp-json\/wp\/v2\/comments?post=612"}],"version-history":[{"count":8,"href":"https:\/\/tantum-ag.de\/en\/wp-json\/wp\/v2\/pages\/612\/revisions"}],"predecessor-version":[{"id":1416,"href":"https:\/\/tantum-ag.de\/en\/wp-json\/wp\/v2\/pages\/612\/revisions\/1416"}],"wp:attachment":[{"href":"https:\/\/tantum-ag.de\/en\/wp-json\/wp\/v2\/media?parent=612"}],"curies":[{"name":"wp","href":"https:\/\/api.w.org\/{rel}","templated":true}]}}